{"id":82,"date":"2014-01-30T11:17:37","date_gmt":"2014-01-30T10:17:37","guid":{"rendered":"http:\/\/www.girlissima.ch\/?page_id=82"},"modified":"2023-12-08T13:55:20","modified_gmt":"2023-12-08T12:55:20","slug":"boissons-repas","status":"publish","type":"page","link":"https:\/\/www.funissima.ch\/?page_id=82","title":{"rendered":"Boissons &#038; repas"},"content":{"rendered":"<h4>Boissons<\/h4>\n<p>De l&rsquo;eau et du sirop sont \u00e0 disposition des enfants durant toute la journ\u00e9e. Il est \u00e9galement possible d&rsquo;acheter des boissons sur place durant les pauses. Une gourde est n\u00e9anmoins indispensable !<\/p>\n<h4>Repas<\/h4>\n<p>Un repas chaud est pris en commun \u00e0 midi tous les jours ainsi qu&rsquo;un go\u00fbter dans l&rsquo;apr\u00e8s-midi. Des barres chocolat\u00e9es peuvent \u00eatre achet\u00e9es sur place. Les enfants doivent imp\u00e9rativement prendre un petit d\u00e9jeuner complet \u00e0 la maison avant de venir \u00e0 Funissima!<\/p>\n","protected":false},"excerpt":{"rendered":"<p>Boissons De l&rsquo;eau et du sirop sont \u00e0 disposition des enfants durant toute la journ\u00e9e. Il est \u00e9galement possible d&rsquo;acheter des boissons sur place durant les pauses. Une gourde est n\u00e9anmoins indispensable ! Repas Un repas chaud est pris en commun \u00e0 midi tous les jours ainsi qu&rsquo;un go\u00fbter dans l&rsquo;apr\u00e8s-midi. Des barres chocolat\u00e9es peuvent&#8230; <a href=\"https:\/\/www.funissima.ch\/?page_id=82\" class=\"read-more-link\">Read More<\/a><\/p>\n","protected":false},"author":1,"featured_media":0,"parent":0,"menu_order":0,"comment_status":"open","ping_status":"open","template":"","meta":{"footnotes":""},"_links":{"self":[{"href":"https:\/\/www.funissima.ch\/index.php?rest_route=\/wp\/v2\/pages\/82"}],"collection":[{"href":"https:\/\/www.funissima.ch\/index.php?rest_route=\/wp\/v2\/pages"}],"about":[{"href":"https:\/\/www.funissima.ch\/index.php?rest_route=\/wp\/v2\/types\/page"}],"author":[{"embeddable":true,"href":"https:\/\/www.funissima.ch\/index.php?rest_route=\/wp\/v2\/users\/1"}],"replies":[{"embeddable":true,"href":"https:\/\/www.funissima.ch\/index.php?rest_route=%2Fwp%2Fv2%2Fcomments&post=82"}],"version-history":[{"count":4,"href":"https:\/\/www.funissima.ch\/index.php?rest_route=\/wp\/v2\/pages\/82\/revisions"}],"predecessor-version":[{"id":485,"href":"https:\/\/www.funissima.ch\/index.php?rest_route=\/wp\/v2\/pages\/82\/revisions\/485"}],"wp:attachment":[{"href":"https:\/\/www.funissima.ch\/index.php?rest_route=%2Fwp%2Fv2%2Fmedia&parent=82"}],"curies":[{"name":"wp","href":"https:\/\/api.w.org\/{rel}","templated":true}]}}