{"id":80,"date":"2014-01-30T11:16:38","date_gmt":"2014-01-30T10:16:38","guid":{"rendered":"http:\/\/www.girlissima.ch\/?page_id=80"},"modified":"2015-03-04T14:31:31","modified_gmt":"2015-03-04T13:31:31","slug":"equipement","status":"publish","type":"page","link":"https:\/\/www.funissima.ch\/?page_id=80","title":{"rendered":"Equipement"},"content":{"rendered":"<h4>Equipement<\/h4>\n<p>Les stagiaires viennent avec leur propre \u00e9quipement de sport (t-shirt, short, surv\u00eatement, k-way, casquette, baskets, habits de rechange) ainsi que des affaires de toilettes pour celles qui d\u00e9sirent se doucher sur place. Il faut \u00e9galement pr\u00e9voir de la cr\u00e8me solaire et une gourde ainsi que des v\u00eatements contre la pluie en cas de mauvais temps.<\/p>\n<h4>Vestiaires<\/h4>\n<p>2 vestiaires sont \u00e0 disposition de ceux qui d\u00e9sirent se changer sur place le matin et se doucher le soir.<\/p>\n","protected":false},"excerpt":{"rendered":"<p>Equipement Les stagiaires viennent avec leur propre \u00e9quipement de sport (t-shirt, short, surv\u00eatement, k-way, casquette, baskets, habits de rechange) ainsi que des affaires de toilettes pour celles qui d\u00e9sirent se doucher sur place. Il faut \u00e9galement pr\u00e9voir de la cr\u00e8me solaire et une gourde ainsi que des v\u00eatements contre la pluie en cas de mauvais&#8230; <a href=\"https:\/\/www.funissima.ch\/?page_id=80\" class=\"read-more-link\">Read More<\/a><\/p>\n","protected":false},"author":1,"featured_media":0,"parent":0,"menu_order":0,"comment_status":"open","ping_status":"open","template":"","meta":{"footnotes":""},"_links":{"self":[{"href":"https:\/\/www.funissima.ch\/index.php?rest_route=\/wp\/v2\/pages\/80"}],"collection":[{"href":"https:\/\/www.funissima.ch\/index.php?rest_route=\/wp\/v2\/pages"}],"about":[{"href":"https:\/\/www.funissima.ch\/index.php?rest_route=\/wp\/v2\/types\/page"}],"author":[{"embeddable":true,"href":"https:\/\/www.funissima.ch\/index.php?rest_route=\/wp\/v2\/users\/1"}],"replies":[{"embeddable":true,"href":"https:\/\/www.funissima.ch\/index.php?rest_route=%2Fwp%2Fv2%2Fcomments&post=80"}],"version-history":[{"count":2,"href":"https:\/\/www.funissima.ch\/index.php?rest_route=\/wp\/v2\/pages\/80\/revisions"}],"predecessor-version":[{"id":251,"href":"https:\/\/www.funissima.ch\/index.php?rest_route=\/wp\/v2\/pages\/80\/revisions\/251"}],"wp:attachment":[{"href":"https:\/\/www.funissima.ch\/index.php?rest_route=%2Fwp%2Fv2%2Fmedia&parent=80"}],"curies":[{"name":"wp","href":"https:\/\/api.w.org\/{rel}","templated":true}]}}