{"id":67,"date":"2014-01-30T11:04:34","date_gmt":"2014-01-30T10:04:34","guid":{"rendered":"http:\/\/www.girlissima.ch\/?page_id=67"},"modified":"2025-12-09T10:15:30","modified_gmt":"2025-12-09T09:15:30","slug":"informations","status":"publish","type":"page","link":"https:\/\/www.funissima.ch\/?page_id=67","title":{"rendered":"informations"},"content":{"rendered":"<h4>Dates en 2025<\/h4>\n<table border=\"0\" width=\"510\" cellspacing=\"0\" cellpadding=\"0\">\n<tbody>\n<tr>\n<td valign=\"top\" width=\"75\">SEMAINE<\/td>\n<td valign=\"top\" width=\"22\">1<\/td>\n<td valign=\"top\" width=\"19\">:<\/td>\n<td valign=\"top\" width=\"35\">\n<p align=\"right\">29<\/p>\n<\/td>\n<td valign=\"top\" width=\"57\">\u00a0juin<\/td>\n<td style=\"text-align: center;\" valign=\"top\" width=\"19\">&#8211;<\/td>\n<td valign=\"top\" width=\"40\">\n<p align=\"right\">3<\/p>\n<\/td>\n<td valign=\"top\" width=\"54\">\u00a0juillet<\/td>\n<td valign=\"top\" width=\"18\">:<\/td>\n<td valign=\"top\" width=\"57\"><strong>EVAUX<\/strong><\/td>\n<td valign=\"top\" width=\"21\">\u00a0<\/td>\n<td valign=\"top\" width=\"92\">\u00a0<\/td>\n<\/tr>\n<tr>\n<td valign=\"top\" width=\"75\">SEMAINE<\/td>\n<td valign=\"top\" width=\"22\">2<\/td>\n<td valign=\"top\" width=\"19\">:<\/td>\n<td valign=\"top\" width=\"35\">\n<p align=\"right\">6<\/p>\n<\/td>\n<td valign=\"top\" width=\"57\">\u00a0juillet<\/td>\n<td style=\"text-align: center;\" valign=\"top\" width=\"19\">&#8211;<\/td>\n<td valign=\"top\" width=\"40\">\n<p align=\"right\">10<\/p>\n<\/td>\n<td valign=\"top\" width=\"54\">\u00a0juillet<\/td>\n<td valign=\"top\" width=\"18\">:<\/td>\n<td valign=\"top\" width=\"57\"><strong>EVAUX<\/strong><\/td>\n<td valign=\"top\" width=\"21\">\u00a0<\/td>\n<td valign=\"top\" width=\"92\">\u00a0<\/td>\n<\/tr>\n<tr>\n<td valign=\"top\" width=\"75\">SEMAINE<\/td>\n<td valign=\"top\" width=\"22\">3<\/td>\n<td valign=\"top\" width=\"19\">:<\/td>\n<td colspan=\"8\" valign=\"top\">\n<p align=\"center\">PAS DE STAGE<\/p>\n<\/td>\n<\/tr>\n<tr>\n<td valign=\"top\" width=\"75\">SEMAINE<\/td>\n<td valign=\"top\" width=\"22\">4<\/td>\n<td valign=\"top\" width=\"19\">:<\/td>\n<td colspan=\"8\" valign=\"top\">\n<p align=\"center\">PAS DE STAGE<\/p>\n<\/td>\n<\/tr>\n<tr>\n<td valign=\"top\" width=\"75\">SEMAINE<\/td>\n<td valign=\"top\" width=\"22\">5<\/td>\n<td valign=\"top\" width=\"19\">:<\/td>\n<td colspan=\"8\" valign=\"top\">\n<p align=\"center\">PAS DE STAGE<\/p>\n<\/td>\n<\/tr>\n<tr>\n<td valign=\"top\" width=\"75\">SEMAINE<\/td>\n<td valign=\"top\" width=\"22\">6<\/td>\n<td valign=\"top\" width=\"19\">:<\/td>\n<td valign=\"top\" width=\"35\">\n<p align=\"right\">3<\/p>\n<\/td>\n<td valign=\"top\" width=\"57\">\u00a0ao\u00fbt<\/td>\n<td style=\"text-align: center;\" valign=\"top\" width=\"19\">&#8211;<\/td>\n<td valign=\"top\" width=\"35\">\n<p align=\"right\">7<\/p>\n<\/td>\n<td valign=\"top\" width=\"54\">\u00a0ao\u00fbt<\/td>\n<td valign=\"top\" width=\"18\">:<\/td>\n<td valign=\"top\" width=\"57\"><strong>EVAUX<\/strong><\/td>\n<td valign=\"top\" width=\"21\">\u00a0<\/td>\n<td valign=\"top\" width=\"92\">\u00a0<\/td>\n<\/tr>\n<tr>\n<td valign=\"top\" width=\"75\">SEMAINE<\/td>\n<td valign=\"top\" width=\"22\">7<\/td>\n<td valign=\"top\" width=\"19\">:<\/td>\n<td valign=\"top\" width=\"35\">\n<p align=\"right\">10<\/p>\n<\/td>\n<td valign=\"top\" width=\"57\">\u00a0ao\u00fbt<\/td>\n<td style=\"text-align: center;\" valign=\"top\" width=\"19\">&#8211;<\/td>\n<td valign=\"top\" width=\"40\">\n<p align=\"right\">14<\/p>\n<\/td>\n<td valign=\"top\" width=\"54\">\u00a0ao\u00fbt<\/td>\n<td valign=\"top\" width=\"18\">:<\/td>\n<td valign=\"top\" width=\"57\"><strong>EVAUX<\/strong><\/td>\n<td valign=\"top\" width=\"21\">\u00a0<\/td>\n<td valign=\"top\" width=\"92\">\u00a0<\/td>\n<\/tr>\n<\/tbody>\n<\/table>\n<h4>Activit\u00e9s<\/h4>\n<p>Danse, Activit\u00e9s Ext\u00e9rieures et cr\u00e9atrices (Bricolages, Chasse au tr\u00e9sor, Jeux, Land Art), Activit\u00e9s sportives (D\u00e9couverte de certains sports collectifs).<\/p>\n<h4>Age<\/h4>\n<p>De 6 \u00e0 12 ans (2014 &#8211; 2020)<\/p>\n<h4>Lieu<\/h4>\n<p><a href=\"https:\/\/www.google.ch\/maps\/place\/Centre+intercommunal+de+sports,+loisirs+et+nature+des+Evaux\/@46.1896709,6.0916815,15z\/data=!4m5!3m4!1s0x0:0x6f3433168c36383f!8m2!3d46.1896709!4d6.0916815\" target=\"_blank\" rel=\"noopener noreferrer\">Centre sportif des Evaux, Onex<\/a><\/p>\n<h4>Arriv\u00e9e<\/h4>\n<p>Le premier jour (lundi), une s\u00e9ance d\u2019information a lieu (au chalet derri\u00e8re les terrains de p\u00e9tanque aux Evaux) \u00e0 9h puis les enfants sont r\u00e9partis dans diff\u00e9rents groupes.<\/p>\n<h4>D\u00e9roulement<\/h4>\n<p>Les activit\u00e9s d\u00e9butent tous les jours \u00e0 9h. Les enfants sont r\u00e9parties en diff\u00e9rents groupes selon leur \u00e2ge. Des pauses ont lieu r\u00e9guli\u00e8rement pour se d\u00e9salt\u00e9rer et r\u00e9cup\u00e9rer.<\/p>\n<h4>Prix<\/h4>\n<p>320.- CHF (le prix pour 2 enfants ou 2 semaines est dor\u00e9navant de 300 CHF par enfant par semaine.<\/p>\n<p>Horaires \u00e9largis de 8h \u00e0 18h tous les jours pour CHF 80.- de plus par enfant et par semaine.<\/p>\n<h4>Prestations<\/h4>\n<p>Le prix comprend le repas de midi, le go\u00fbter, les boissons, un t-shirt et une casquette.<\/p>\n<h4>Horaires<\/h4>\n<p>Les enfants sont prise en charge de 9h \u00e0 17h du lundi au vendredi. Il y a d\u00e9sormais possibilit\u00e9 d\u2019avoir des horaires \u00e9largis. Voir l\u2019onglet \u00ab Horaires \u00e9largis \u00bb.<\/p>\n<h4 id=\"horairesElargis\">Horaires \u00e9largis<\/h4>\n<p>D\u00e8s l\u2019\u00e9t\u00e9 2018, Footballissima et Funissima proposent des horaires \u00e9largis d\u2019accueil et de prise en charge.<\/p>\n<p>Accueil des enfants aux Evaux d\u00e8s 8h00 et jusqu\u2019\u00e0 18h00 du lundi au vendredi.<\/p>\n<p>Diverses activit\u00e9s seront propos\u00e9es aux enfants de 8h00 \u00e0 9h00 et de 17h00 \u00e0 18h00, soit avant et apr\u00e8s les activit\u00e9s classiques.<\/p>\n<p>ATTENTION : CO\u00dbT suppl\u00e9mentaire pour b\u00e9n\u00e9ficier des horaires \u00e9largis : CHF 80.- par enfant et par semaine.<\/p>\n<p>Pour des questions organisationnelles, le co\u00fbt sera de CHF 80.-, m\u00eame si l\u2019enfant ne participe pas \u00e0 tous les horaires \u00e9largis.<\/p>\n<p>Une case mentionnant les horaires \u00e9largis sera \u00e0 cocher en bas de l\u2019inscription traditionnelle. (voir rubrique \u00ab Inscriptions \u00bb)<\/p>\n<p>Exemples :<\/p>\n<p>La finance d\u2019inscription d\u2019un enfant participant \u00e0 une semaine de camp et souhaitant b\u00e9n\u00e9ficier des horaires \u00e9largis sera donc d\u00e9sormais de CHF 400.- (CHF 320.- + CHF 80.-)<\/p>\n<p>La finance d\u2019inscription d\u2019un enfant participant \u00e0 plusieurs semaines de camp (Footballissima ou Funissima) et souhaitant b\u00e9n\u00e9ficier des horaires \u00e9largis sera donc d\u00e9sormais de CHF 380.- (CHF 300.- + CHF 80.-) par semaine.<\/p>\n<p>La finance d\u2019inscription de fr\u00e8res et soeurs participant \u00e0 une semaine de camp (Footballissima et\/ou Funissima) et souhaitant b\u00e9n\u00e9ficier des horaires \u00e9largis sera donc d\u00e9sormais de CHF 380.- (CHF 300.- + CHF 80.-) par semaine et par enfant.<\/p>\n\n\n<p><\/p>\n\n\n\n<div class=\"wp-block-buttons is-content-justification-center is-layout-flex wp-container-core-buttons-layout-1 wp-block-buttons-is-layout-flex\">\n<div class=\"wp-block-button\"><a class=\"wp-block-button__link wp-element-button\" href=\"https:\/\/footballissima.ch\/attach\/informations_stages_2024.pdf\" target=\"_blank\" rel=\"noreferrer noopener\">T\u00e9l\u00e9charger les informations au format pdf<\/a><\/div>\n<\/div>\n","protected":false},"excerpt":{"rendered":"<p>Dates en 2025 SEMAINE 1 : 29 \u00a0juin &#8211; 3 \u00a0juillet : EVAUX \u00a0 \u00a0 SEMAINE 2 : 6 \u00a0juillet &#8211; 10 \u00a0juillet : EVAUX \u00a0 \u00a0 SEMAINE 3 : PAS DE STAGE SEMAINE 4 : PAS DE STAGE SEMAINE 5 : PAS DE STAGE SEMAINE 6 : 3 \u00a0ao\u00fbt &#8211; 7 \u00a0ao\u00fbt : EVAUX&#8230; <a href=\"https:\/\/www.funissima.ch\/?page_id=67\" class=\"read-more-link\">Read More<\/a><\/p>\n","protected":false},"author":1,"featured_media":0,"parent":0,"menu_order":0,"comment_status":"open","ping_status":"open","template":"","meta":{"footnotes":""},"_links":{"self":[{"href":"https:\/\/www.funissima.ch\/index.php?rest_route=\/wp\/v2\/pages\/67"}],"collection":[{"href":"https:\/\/www.funissima.ch\/index.php?rest_route=\/wp\/v2\/pages"}],"about":[{"href":"https:\/\/www.funissima.ch\/index.php?rest_route=\/wp\/v2\/types\/page"}],"author":[{"embeddable":true,"href":"https:\/\/www.funissima.ch\/index.php?rest_route=\/wp\/v2\/users\/1"}],"replies":[{"embeddable":true,"href":"https:\/\/www.funissima.ch\/index.php?rest_route=%2Fwp%2Fv2%2Fcomments&post=67"}],"version-history":[{"count":51,"href":"https:\/\/www.funissima.ch\/index.php?rest_route=\/wp\/v2\/pages\/67\/revisions"}],"predecessor-version":[{"id":536,"href":"https:\/\/www.funissima.ch\/index.php?rest_route=\/wp\/v2\/pages\/67\/revisions\/536"}],"wp:attachment":[{"href":"https:\/\/www.funissima.ch\/index.php?rest_route=%2Fwp%2Fv2%2Fmedia&parent=67"}],"curies":[{"name":"wp","href":"https:\/\/api.w.org\/{rel}","templated":true}]}}