{"id":30,"date":"2014-01-27T17:43:59","date_gmt":"2014-01-27T16:43:59","guid":{"rendered":"http:\/\/www.girlissima.ch\/?page_id=30"},"modified":"2024-02-05T16:05:18","modified_gmt":"2024-02-05T15:05:18","slug":"contact","status":"publish","type":"page","link":"https:\/\/www.funissima.ch\/?page_id=30","title":{"rendered":"Contact"},"content":{"rendered":"<h4>Adresse<\/h4>\n<p>Association Euphron<br \/>\nDu Nant 8<br \/>\n1207 Gen\u00e8ve<\/p>\n<h4>T\u00e9l\u00e9phone (urgence seulement)<\/h4>\n<p>+41 79 390 02 38<\/p>\n<p>le t\u00e9l\u00e9phone ne sera activ\u00e9 qu\u2019\u00e0 partir du 30 juin. D\u2019ici-l\u00e0, merci de nous contacter par email.<\/p>\n<h4>Email<\/h4>\n<p><a href=\"mailto:contact@funissima.ch\">contact@funissima.ch<\/a><\/p>\n","protected":false},"excerpt":{"rendered":"<p>Adresse Association Euphron Du Nant 8 1207 Gen\u00e8ve T\u00e9l\u00e9phone (urgence seulement) +41 79 390 02 38 le t\u00e9l\u00e9phone ne sera activ\u00e9 qu\u2019\u00e0 partir du 30 juin. D\u2019ici-l\u00e0, merci de nous contacter par email. Email contact@funissima.ch<\/p>\n","protected":false},"author":1,"featured_media":0,"parent":0,"menu_order":0,"comment_status":"open","ping_status":"open","template":"","meta":{"footnotes":""},"_links":{"self":[{"href":"https:\/\/www.funissima.ch\/index.php?rest_route=\/wp\/v2\/pages\/30"}],"collection":[{"href":"https:\/\/www.funissima.ch\/index.php?rest_route=\/wp\/v2\/pages"}],"about":[{"href":"https:\/\/www.funissima.ch\/index.php?rest_route=\/wp\/v2\/types\/page"}],"author":[{"embeddable":true,"href":"https:\/\/www.funissima.ch\/index.php?rest_route=\/wp\/v2\/users\/1"}],"replies":[{"embeddable":true,"href":"https:\/\/www.funissima.ch\/index.php?rest_route=%2Fwp%2Fv2%2Fcomments&post=30"}],"version-history":[{"count":17,"href":"https:\/\/www.funissima.ch\/index.php?rest_route=\/wp\/v2\/pages\/30\/revisions"}],"predecessor-version":[{"id":510,"href":"https:\/\/www.funissima.ch\/index.php?rest_route=\/wp\/v2\/pages\/30\/revisions\/510"}],"wp:attachment":[{"href":"https:\/\/www.funissima.ch\/index.php?rest_route=%2Fwp%2Fv2%2Fmedia&parent=30"}],"curies":[{"name":"wp","href":"https:\/\/api.w.org\/{rel}","templated":true}]}}